{"id":674,"date":"2018-07-17T12:11:03","date_gmt":"2018-07-17T12:11:03","guid":{"rendered":"http:\/\/www.asso-afig.fr\/site\/?page_id=674"},"modified":"2023-12-15T19:51:39","modified_gmt":"2023-12-15T19:51:39","slug":"ajout-offre","status":"publish","type":"page","link":"https:\/\/www.asso-afig.fr\/site\/offres\/ajout-offre\/","title":{"rendered":"Ajout offre"},"content":{"rendered":"<div style=\"width:100%; height:100%;\">\n<h2>Ajout d&#8217;une offre<\/h2>\n<p>Merci de remplir les champs suivants d\u00e9crivant succintement votre offre, et d&#8217;uploader un fichier (PDF de pr\u00e9f\u00e9rence) donnant les d\u00e9tails de votre proposition.<\/p>\n<p>Notez que votre proposition apparaitra imm\u00e9diatement <a href=\"http:\/\/www.asso-afig.fr\/site\/emplois-et-formations\/offres\/\">en ligne<\/a>.<\/p>\n<p>Si vous souhaitez diffuser votre proposition par email sur la liste de diffusion (en plus de sa mise en ligne), vous pouvez \u00e9galement envoyer votre annonce \u00e0 <a href=\"mailto:forum@asso-afig.fr\">forum@asso-afig.fr<\/a><\/p>\n<p>En cas de probl\u00e8mes ou de questionnements, n&#8217;h\u00e9sitez pas \u00e0 nous contacter: <a href=\"mailto:contact@asso-afig.fr\">contact@asso-afig.fr<\/a><\/p>\n<p><em>(Merci de ne pas y d\u00e9poser vos CV pour une recherche de stage\/emplois. Pr\u00e9f\u00e9rez contacter directement les \u00e9quipes et entreprises correspondant \u00e0 votre recherche.)<\/em><\/p>\n<div style=\"text-align: center;\">\n<iframe loading=\"lazy\" style=\"border: 0px;\" width=\"80%\" height=\"2000px\" src=\"https:\/\/annonces.asso-afig.fr\/annonces\/add\/\"><\/iframe>\n<\/div>\n<\/div>\n","protected":false},"excerpt":{"rendered":"<p>Ajout d&#8217;une offre Merci de remplir les champs suivants d\u00e9crivant succintement votre offre, et d&#8217;uploader un fichier (PDF de pr\u00e9f\u00e9rence) donnant les d\u00e9tails de votre proposition. Notez que votre proposition &#8230;<\/p>\n","protected":false},"author":1,"featured_media":0,"parent":48,"menu_order":0,"comment_status":"closed","ping_status":"closed","template":"","meta":{"footnotes":""},"class_list":["post-674","page","type-page","status-publish","hentry"],"_links":{"self":[{"href":"https:\/\/www.asso-afig.fr\/site\/wp-json\/wp\/v2\/pages\/674"}],"collection":[{"href":"https:\/\/www.asso-afig.fr\/site\/wp-json\/wp\/v2\/pages"}],"about":[{"href":"https:\/\/www.asso-afig.fr\/site\/wp-json\/wp\/v2\/types\/page"}],"author":[{"embeddable":true,"href":"https:\/\/www.asso-afig.fr\/site\/wp-json\/wp\/v2\/users\/1"}],"replies":[{"embeddable":true,"href":"https:\/\/www.asso-afig.fr\/site\/wp-json\/wp\/v2\/comments?post=674"}],"version-history":[{"count":38,"href":"https:\/\/www.asso-afig.fr\/site\/wp-json\/wp\/v2\/pages\/674\/revisions"}],"predecessor-version":[{"id":1473,"href":"https:\/\/www.asso-afig.fr\/site\/wp-json\/wp\/v2\/pages\/674\/revisions\/1473"}],"up":[{"embeddable":true,"href":"https:\/\/www.asso-afig.fr\/site\/wp-json\/wp\/v2\/pages\/48"}],"wp:attachment":[{"href":"https:\/\/www.asso-afig.fr\/site\/wp-json\/wp\/v2\/media?parent=674"}],"curies":[{"name":"wp","href":"https:\/\/api.w.org\/{rel}","templated":true}]}}