{"id":1669,"date":"2025-08-27T16:23:59","date_gmt":"2025-08-27T14:23:59","guid":{"rendered":"https:\/\/www.asso-afig.fr\/site\/?page_id=1669"},"modified":"2026-02-04T21:43:51","modified_gmt":"2026-02-04T19:43:51","slug":"concours-shader-toy","status":"publish","type":"page","link":"https:\/\/www.asso-afig.fr\/site\/concours\/concours-shader-toy\/","title":{"rendered":"Concours Shader Toy"},"content":{"rendered":"<h1>Concours Shader Toy<\/h1>\n<h2>Prochaine \u00e9dition du concours:<\/h2>\n<p>La prochaine \u00e9dition du concours sera ouverte jusqu&#8217;en Octobre 2026:<span style=\"font-weight: 400;\"> les modalit\u00e9s de soumission et la date exacte seront annonc\u00e9es ult\u00e9rieurement.<\/span>\u00a0Les cr\u00e9ations seront pr\u00e9sent\u00e9es aux jFig 2026 \u00e0 Toulouse.<br \/>\n<strong>Th\u00e8me <\/strong>: <span style=\"font-weight: 400;\">Toulouse \u00e9tant la Cit\u00e9 de l\u2019Espace, cette ann\u00e9e, le th\u00e8me sera \u00ab l\u2019espace \u00bb. Un astre, un syst\u00e8me solaire, une galaxie, une fus\u00e9e, qu\u2019importe ! L\u2019espace laisse libre cours \u00e0 votre imagination !<\/span><\/p>\n<p><!-- - Lien du concours <a href=\"https:\/\/jfig2025.univ-littoral.fr\/concours\/shadertoy\/\">Shadertoy 2025<\/a> --><\/p>\n<h2>R\u00e8gles du concours<\/h2>\n<ul>\n<li style=\"font-weight: 400;\" aria-level=\"1\"><span style=\"font-weight: 400;\">Nommer votre shader avec <\/span><b>[ConcoursJFIG2026]<\/b><span style=\"font-weight: 400;\"> en d\u00e9but de titre<\/span><\/li>\n<li style=\"font-weight: 400;\" aria-level=\"1\"><span style=\"font-weight: 400;\">Ajouter le tag \u00ab <\/span><b>concoursJFIG2026 <\/b><span style=\"font-weight: 400;\">\u00bb dans les mots-cl\u00e9s<\/span><\/li>\n<li style=\"font-weight: 400;\" aria-level=\"1\"><span style=\"font-weight: 400;\">Garder votre shader \u00ab <\/span><b>priv\u00e9<\/b><span style=\"font-weight: 400;\"> \u00bb durant son d\u00e9veloppement<\/span><\/li>\n<li style=\"font-weight: 400;\" aria-level=\"1\"><span style=\"font-weight: 400;\">Le passer en \u00ab <\/span><b>non r\u00e9pertori\u00e9<\/b><span style=\"font-weight: 400;\"> \u00bb \u00e0 la soumission<\/span><\/li>\n<li style=\"font-weight: 400;\" aria-level=\"1\"><span style=\"font-weight: 400;\">Le rendre \u00ab <\/span><b>public<\/b><span style=\"font-weight: 400;\"> \u00bb<\/span> <span style=\"font-weight: 400;\">une fois les r\u00e9sultats annonc\u00e9s<\/span><\/li>\n<\/ul>\n<h3>Participation<\/h3>\n<p><span style=\"font-weight: 400;\">Pour participer, il suffit de fournir un document PDF contenant :<\/span><\/p>\n<ul>\n<li><span style=\"font-weight: 400;\">votre nom\/affiliation<\/span><\/li>\n<li><span style=\"font-weight: 400;\">un lien Shadertoy<\/span><\/li>\n<li><span style=\"font-weight: 400;\">une br\u00e8ve explication de votre m\u00e9thode.<\/span><\/li>\n<\/ul>\n<p><span style=\"font-weight: 400;\">Le document ne devra pas d\u00e9passer trois pages, r\u00e9f\u00e9rences incluses le cas \u00e9ch\u00e9ant. Vous devrez y pr\u00e9senter vos id\u00e9es\/intentions, mettre en avant l\u2019originalit\u00e9 de votre code, d\u00e9tailler les difficult\u00e9s\/subtilit\u00e9s des m\u00e9thodes utilis\u00e9es\u2026<\/span><\/p>\n<p><span style=\"font-weight: 400;\">Tout le monde peut soumettre et nous encourageons les enseignants de master \u00e0 transmettre l\u2019appel \u00e0 leurs \u00e9tudiants. Ne vous censurez pas, une soumission peut inclure un bin\u00f4me.<\/span><\/p>\n<h3>Pr\u00e9sentation lors des journ\u00e9es<\/h3>\n<p><span style=\"font-weight: 400;\">Vos cr\u00e9ations sont pr\u00e9sent\u00e9es durant les journ\u00e9es. Pour cela, vous devrez pr\u00e9parer une pr\u00e9sentation courte de votre shader (3 minutes maximum).<\/span><\/p>\n<p><span style=\"font-weight: 400;\">Deux solutions sont possibles :<\/span><\/p>\n<ul>\n<li style=\"font-weight: 400;\" aria-level=\"1\"><span style=\"font-weight: 400;\">Si vous participez aux journ\u00e9es, vous pouvez pr\u00e9senter directement votre travail durant la session d\u00e9di\u00e9e<\/span><\/li>\n<li style=\"font-weight: 400;\" aria-level=\"1\"><span style=\"font-weight: 400;\">Sinon, vous pouvez nous fournir une vid\u00e9o que nous diffuserons<\/span><\/li>\n<\/ul>\n<p><span style=\"font-weight: 400;\">Cette pr\u00e9sentation sera \u00e0 fournir en m\u00eame temps que la soumission.<\/span><\/p>\n<h3>Evaluation et hors concours<\/h3>\n<p><span style=\"font-weight: 400;\">Deux cat\u00e9gories seront propos\u00e9es : concours et hors concours.\u00a0<\/span><\/p>\n<p><b>Concours.<\/b><span style=\"font-weight: 400;\"> Les r\u00e9alisations seront \u00e9valu\u00e9es par un jury et selon trois crit\u00e8res : le respect du th\u00e8me, le rendu (qualit\u00e9 visuelle, originalit\u00e9, etc.) et l\u2019algorithmique (ing\u00e9niosit\u00e9, originalit\u00e9 de la m\u00e9thode, etc.).<\/span><span style=\"font-weight: 400;\"><br \/>\n<\/span><span style=\"font-weight: 400;\"> Le document d\u2019explication sera aussi pris en compte.<\/span><span style=\"font-weight: 400;\"><br \/>\n<\/span><span style=\"font-weight: 400;\"> Un code bien comment\u00e9 sera \u00e9valu\u00e9 positivement ! Vous pouvez vous inspirer du <\/span><i><span style=\"font-weight: 400;\">literate programming<\/span><\/i><span style=\"font-weight: 400;\">. Vous devrez clairement <\/span><b>identifier les morceaux de code r\u00e9utilis\u00e9s<\/b><span style=\"font-weight: 400;\"> en citant vos sources !<\/span><span style=\"font-weight: 400;\"><br \/>\n<\/span><span style=\"font-weight: 400;\"> Pensez aussi \u00e0 v\u00e9rifier la compatibilit\u00e9 de votre shader, s&#8217;il fonctionne sur votre machine cela ne veut pas forc\u00e9ment dire qu&#8217;il fonctionne ailleurs (lisez ce post<\/span><a href=\"https:\/\/shadertoyunofficial.wordpress.com\/2016\/07\/22\/compatibility-issues-in-shadertoy-webglsl\/\"> <span style=\"font-weight: 400;\">https:\/\/shadertoyunofficial.wordpress.com\/2016\/07\/22\/compatibility-issues-in-shadertoy-webglsl\/<\/span><\/a><span style=\"font-weight: 400;\">).<\/span><\/p>\n<p><span style=\"font-weight: 400;\">Les trois meilleures contributions recevront un prix et un prix du public sera \u00e9galement d\u00e9cern\u00e9 durant les journ\u00e9es. Dans l\u2019attente d\u2019une r\u00e9ponse de nos sponsors, nous ne pouvons pas encore d\u00e9voiler quels seront ces prix.<\/span><\/p>\n<p><b>Hors concours.<\/b><span style=\"font-weight: 400;\"> C\u2019est la partie fun du concours. Pr\u00e9c\u00e9dents gagnants, soumission sans prise de t\u00eate, envie de flex, c\u2019est pour vous ! Amusez-vous !<\/span><\/p>\n<h3>Informations compl\u00e9mentaires<\/h3>\n<p><span style=\"font-weight: 400;\">De nombreux tutoriels sont disponibles sur internet pour vous aider <\/span><i><span style=\"font-weight: 400;\">e.g.<\/span><\/i><span style=\"font-weight: 400;\"> :<\/span><\/p>\n<ul>\n<li style=\"font-weight: 400;\" aria-level=\"1\"><span style=\"font-weight: 400;\">Le blog de Fabrice NEYRET (<\/span><a href=\"https:\/\/shadertoyunofficial.wordpress.com\/\"><span style=\"font-weight: 400;\">https:\/\/shadertoyunofficial.wordpress.com\/<\/span><\/a><span style=\"font-weight: 400;\">) avec notamment le post concernant la compatibilit\u00e9 multi-OS.<\/span><\/li>\n<li style=\"font-weight: 400;\" aria-level=\"1\"><span style=\"font-weight: 400;\">Les vid\u00e9os d\u2019Inigo QUILEZ (<\/span><a href=\"https:\/\/www.youtube.com\/@InigoQuilez\"><span style=\"font-weight: 400;\">https:\/\/www.youtube.com\/@InigoQuilez<\/span><\/a><span style=\"font-weight: 400;\">)<\/span><\/li>\n<\/ul>\n<p><span style=\"font-weight: 400;\">Vous pouvez retrouver les laur\u00e9ats des ann\u00e9es pr\u00e9c\u00e9dentes en dessous. <\/span><\/p>\n<p><span style=\"font-size: revert;\">Pour toute question, n\u2019h\u00e9sitez pas \u00e0 nous contacter : nicolas.courilleau@univ-poitiers.fr \/ johanna.delanoy@insa-lyon.fr<\/span><\/p>\n<p><br style=\"font-weight: 400;\" \/><br style=\"font-weight: 400;\" \/><\/p>\n<h2>Gagnant des pr\u00e9c\u00e9dents concours:<\/h2>\n<div style=\"margin-top: 2em;\"><\/div>\n<h3>2025<\/h3>\n<p><strong>Th\u00e8me<\/strong> : <em>Dragons, varan et chim\u00e8res <\/em><br \/>\n<strong>Organisateurs<\/strong> : Johanna DELANOY, Nicolas COURILLEAU, Maxime MARIA<br \/>\n<strong>Jury<\/strong> : Tamy BOUBEKEUR, Tara BUTLER, Fabrice NEYRET<\/p>\n<p><strong>1er Prix<\/strong><br \/>\nCl\u00e9ment MAGNIEZ (Doctorant LORIA, Nancy), pour &#8220;<a href=\"https:\/\/www.shadertoy.com\/view\/WclfRM\">Varan Odyssey<\/a>&#8221;<br \/>\n<a href=\"https:\/\/www.shadertoy.com\/view\/WclfRM\"><video src=\"https:\/\/www.asso-afig.fr\/concours\/shadertoy\/varan_odyssey.webm\" autoplay=\"autoplay\" loop=\"loop\" muted=\"\" width=\"300\" height=\"150\"><br \/>\nVideo not supported by your system.<br \/>\n<\/video><\/a><\/p>\n<p><strong>2\u00e8me prix<\/strong><br \/>\nHugo SCHOTT (Doctorant LIRIS, Lyon), pour &#8220;<a href=\"https:\/\/www.shadertoy.com\/view\/tXjcRD\">Fossile<\/a>&#8221;<br \/>\n<a href=\"https:\/\/www.shadertoy.com\/view\/tXjcRD\"><video src=\"https:\/\/www.asso-afig.fr\/concours\/shadertoy\/fossile.webm\" autoplay=\"autoplay\" loop=\"loop\" muted=\"\" width=\"300\" height=\"150\"><br \/>\nVideo not supported by your system.<br \/>\n<\/video><\/a><\/p>\n<h3>2024<\/h3>\n<p><strong>Th\u00e8me<\/strong> : <em>sp\u00e9cialit\u00e9 alsacienne<\/em><br \/>\n<strong>Organisateurs<\/strong> : Maxime MARIA, David VANDERHAEGHE<br \/>\n<strong>Jury<\/strong> : Tamy BOUBEKEUR, Noura FARAJ, Fabrice NEYRET, Cyprien PLATEAU&#8211;HOLLEVILLE<\/p>\n<p><strong>1er Prix<\/strong><br \/>\nTara BUTLER (Doctorante LIX, Paris), pour &#8220;<a href=\"https:\/\/www.shadertoy.com\/view\/lXsBDf\">Rose Window<\/a>&#8221;<br \/>\n<a href=\"https:\/\/www.shadertoy.com\/view\/lXsBDf\"><video src=\"https:\/\/www.asso-afig.fr\/concours\/shadertoy\/rose_window.webm\" autoplay=\"autoplay\" loop=\"loop\" muted=\"\" width=\"300\" height=\"150\"><br \/>\nVideo not supported by your system.<br \/>\n<\/video><\/a><\/p>\n<p><strong>2\u00e8me prix<\/strong><br \/>\nGabriel CADILHAC (Doctorant XLIM, Limoges), pour &#8220;<a href=\"https:\/\/www.shadertoy.com\/view\/lcByRG\">Colombage<\/a>&#8221;<br \/>\n<a href=\"https:\/\/www.shadertoy.com\/view\/lcByRG\"><video src=\"https:\/\/www.asso-afig.fr\/concours\/shadertoy\/colombage.webm\" autoplay=\"autoplay\" loop=\"loop\" muted=\"\" width=\"300\" height=\"150\"><br \/>\nVideo not supported by your system.<br \/>\n<\/video><\/a><\/p>\n<p><strong>3\u00e8me prix<\/strong><br \/>\nArthur DELON (Doctorant BISOUS, Sherbrooke), pour &#8220;<a href=\"https:\/\/www.shadertoy.com\/view\/M3sBDX\">Wine &amp; Alsace<\/a>&#8221;<br \/>\n<a href=\"https:\/\/www.shadertoy.com\/view\/M3sBDX\"><video src=\"https:\/\/www.asso-afig.fr\/concours\/shadertoy\/wine_and_alsace.webm\" autoplay=\"autoplay\" loop=\"loop\" muted=\"\" width=\"300\" height=\"150\"><br \/>\nVideo not supported by your system.<br \/>\n<\/video><\/a><\/p>\n<h3>2023<\/h3>\n<p><strong>Th\u00e8me<\/strong>: <em>Les 30 ans de l&#8217;AFIG<\/em>.<br \/>\n<strong>Organisateurs<\/strong>: Maxime Maria, David Vanderhaeghe<br \/>\n<strong>Jury<\/strong>: Tamy Boubekeur, Cyril Crassin, M\u00e9gane Bati, Simon Lucas, Fabrice Neyret<\/p>\n<div style=\"margin-top: 1em;\"><\/div>\n<p><strong>1er prix<\/strong><br \/>\nCyprien Plateau&#8211;Holleville (Doctorant XLIM), pour &#8220;<a href=\"https:\/\/www.shadertoy.com\/view\/mdcfDj\">Toriversaire<\/a>&#8221;<br \/>\n<a href=\"https:\/\/www.shadertoy.com\/view\/mdcfDj\"><video src=\"https:\/\/www.asso-afig.fr\/concours\/shadertoy\/torriversaire.webm\" autoplay=\"autoplay\" loop=\"loop\" muted=\"\" width=\"300\" height=\"150\"><br \/>\nVideo not supported by your system.<br \/>\n<\/video><\/a><\/p>\n<p><strong>2er prix<\/strong><br \/>\nRomain Fournier (Doctorant ICube), pour &#8220;<a href=\"https:\/\/www.shadertoy.com\/view\/mdVfDz\">Labyrinthe<\/a>&#8221;<br \/>\n<a href=\"https:\/\/www.shadertoy.com\/view\/mdVfDz\"><video src=\"https:\/\/www.asso-afig.fr\/concours\/shadertoy\/labyrinthe.mp4\" autoplay=\"autoplay\" loop=\"loop\" muted=\"\" width=\"300\" height=\"150\"><br \/>\nVideo not supported by your system.<br \/>\n<\/video><\/a><\/p>\n<p><strong>3\u00e8me prix<\/strong><br \/>\nAllan Blanchard (ancien M2 ISICG), pour &#8220;<a href=\"https:\/\/www.shadertoy.com\/view\/sldyRH\">Icing Cake<\/a>&#8221;<br \/>\n<a href=\"https:\/\/www.shadertoy.com\/view\/sldyRH\"><video src=\"https:\/\/www.asso-afig.fr\/concours\/shadertoy\/icingcake.webm\" autoplay=\"autoplay\" loop=\"loop\" muted=\"\" width=\"300\" height=\"150\"><br \/>\nVideo not supported by your system.<br \/>\n<\/video><\/a><\/p>\n<p><strong>Prix du public<\/strong><br \/>\nCharline Grenier (Doctorante ICube), pour &#8220;<a href=\"https:\/\/www.shadertoy.com\/view\/csdBDf\">Birthday cake<\/a>&#8221;<br \/>\n<a href=\"https:\/\/www.shadertoy.com\/view\/csdBDf\"><video src=\"https:\/\/www.asso-afig.fr\/concours\/shadertoy\/birthday_cake\" autoplay=\"autoplay\" loop=\"loop\" muted=\"\" width=\"300\" height=\"150\"><br \/>\nVideo not supported by your system.<br \/>\n<\/video><\/a><\/p>\n<div style=\"margin-top: 3em;\"><\/div>\n<h3>2022<\/h3>\n<p><strong>Th\u00e8me<\/strong>: <em>Mettre \u00e0 l&#8217;honneur la ville des organisateurs: Bordeaux<\/em>.<br \/>\n<strong>Organisateurs<\/strong>: Maxime Maria, David Vanderhaeghe<br \/>\n<strong>Jury<\/strong>: Tamy Boubekeur, Cyril Crassin, Bruno Levy, Simon Lucas, Fabrice Neyret<\/p>\n<div style=\"margin-top: 1em;\"><\/div>\n<p><strong>1er prix<\/strong><br \/>\nTitouan Laurent (M2 I3D), pour &#8220;<a href=\"https:\/\/www.shadertoy.com\/view\/NtVBWd\">Pont de pierre<\/a>&#8221;<br \/>\n<a href=\"https:\/\/www.shadertoy.com\/view\/NtVBWd\"><video src=\"https:\/\/www.asso-afig.fr\/concours\/shadertoy\/pont_de_pierre.webm\" autoplay=\"autoplay\" loop=\"loop\" muted=\"\" width=\"300\" height=\"150\"><br \/>\nVideo not supported by your system.<br \/>\n<\/video><\/a><\/p>\n<p><strong>2er prix<\/strong><br \/>\nCyprien Plateau&#8211;Holleville (Doctorant XLIM), pour &#8220;<a href=\"https:\/\/www.shadertoy.com\/view\/sldyRH\">Cannel\u00e9s<\/a>&#8221;<br \/>\n<a href=\"https:\/\/www.shadertoy.com\/view\/sldyRH\"><video src=\"https:\/\/www.asso-afig.fr\/concours\/shadertoy\/canneles.webm\" autoplay=\"autoplay\" loop=\"loop\" muted=\"\" width=\"300\" height=\"150\"><br \/>\nVideo not supported by your system.<br \/>\n<\/video><\/a><\/p>\n<p><strong>3\u00e8me prix<\/strong><br \/>\nAllan Blanchard (M2 ISICG), pour &#8220;<a href=\"https:\/\/www.shadertoy.com\/view\/sltfz4\">Vin et Cannel\u00e9s<\/a>&#8221;<br \/>\n<a href=\"https:\/\/www.shadertoy.com\/view\/sltfz4\"><video src=\"https:\/\/www.asso-afig.fr\/concours\/shadertoy\/vin_et_canneles\" autoplay=\"autoplay\" loop=\"loop\" muted=\"\" width=\"300\" height=\"150\"><br \/>\nVideo not supported by your system.<br \/>\n<\/video><\/a><\/p>\n<p><strong>Prix du public<\/strong><br \/>\nRomain Fournier (Doctorant ICube), pour &#8220;<a href=\"https:\/\/www.shadertoy.com\/view\/DsjGzz\">GRM <\/a>&#8221;<\/p>\n<div style=\"margin-top: 3em;\"><\/div>\n<p><a href=\"https:\/\/www.shadertoy.com\/view\/DsjGzz\"><video src=\"https:\/\/www.asso-afig.fr\/concours\/shadertoy\/grm.webm\" autoplay=\"autoplay\" loop=\"loop\" muted=\"\" width=\"300\" height=\"150\"><br \/>\nVideo not supported by your system.<br \/>\n<\/video><\/a><\/p>\n<h3>2021<\/h3>\n<p><strong>Th\u00e8me<\/strong>: <em>Mettre \u00e0 l&#8217;honneur le d\u00e9partement des organisateurs: Alpes-Maritimes<\/em>.<br \/>\n<strong>Organisateurs<\/strong>: Maxime Maria, David Vanderhaeghe<br \/>\n<strong>Jury<\/strong>: Pierre Alliez, Tamy Boubekeur, Cyril Crassin, Bruno Levy, Fabrice Neyret<\/p>\n<div style=\"margin-top: 1em;\"><\/div>\n<p><strong>1er prix<\/strong><br \/>\nLo\u00efc Van Den Broek d&#8217;Obrenan (M2 UNILIM), pour &#8220;<a href=\"https:\/\/www.shadertoy.com\/view\/flc3Rn\">Alpine Flyby<\/a>&#8221;<\/p>\n<p><a href=\"https:\/\/www.shadertoy.com\/view\/flc3Rn\"><video style=\"border-radius: 15px;\" src=\"https:\/\/www.asso-afig.fr\/concours\/shadertoy\/alpine_flyby.mp4\" autoplay=\"autoplay\" loop=\"loop\" muted=\"\" width=\"300\" height=\"150\"><br \/>\nVideo not supported by your system.<br \/>\n<\/video><\/a><\/p>\n<p><strong>2er prix<\/strong><br \/>\nCyprien Plateau-Holleville (Doctorant XLIM), pour &#8220;<a href=\"https:\/\/www.shadertoy.com\/view\/ssG3D1\">JellyFish<\/a>&#8221;<\/p>\n<p><a href=\"https:\/\/www.shadertoy.com\/view\/ssG3D1\"><video style=\"border-radius: 15px;\" src=\"https:\/\/www.asso-afig.fr\/concours\/shadertoy\/jellyfish.mp4\" autoplay=\"autoplay\" loop=\"loop\" muted=\"\" width=\"300\" height=\"150\"><br \/>\nVideo not supported by your system.<br \/>\n<\/video><\/a><\/p>\n<p><strong>3\u00e8me prix<\/strong><br \/>\nAntoin Webanck (PostDoc LIRIS), pour &#8220;<a href=\"https:\/\/www.shadertoy.com\/view\/NldGR8\">GrasseJasmin<\/a>&#8221;<\/p>\n<p><a href=\"https:\/\/www.shadertoy.com\/view\/NldGR8\"><video style=\"border-radius: 15px;\" src=\"https:\/\/www.asso-afig.fr\/concours\/shadertoy\/grassejasmin.mp4\" autoplay=\"autoplay\" loop=\"loop\" muted=\"\" width=\"300\" height=\"150\"><br \/>\nVideo not supported by your system.<br \/>\n<\/video><\/a><\/p>\n<p><strong>Prix du public<\/strong><br \/>\nXavier Chermain (PostDoc Inria Nancy), pour &#8220;<a href=\"https:\/\/www.shadertoy.com\/view\/ftt3RH\">IBL<\/a>&#8221;<\/p>\n<p><a href=\"https:\/\/www.shadertoy.com\/view\/ftt3RH\"><video style=\"border-radius: 15px;\" src=\"https:\/\/www.asso-afig.fr\/concours\/shadertoy\/ibl.mp4\" autoplay=\"autoplay\" loop=\"loop\" muted=\"\" width=\"300\" height=\"150\"><br \/>\nVideo not supported by your system.<br \/>\n<\/video><\/a><\/p>\n<div style=\"margin-top: 3em;\"><\/div>\n<h3>2020<\/h3>\n<p><strong>Th\u00e8me<\/strong>: <em>Repr\u00e9senter sa vision de l&#8217;AFIG et de ses journ\u00e9es<\/em>.<br \/>\n<strong>Organisateurs<\/strong>: Maxime Maria, Dmitry Sokolov<br \/>\n<strong>Jury<\/strong>: Tamy Boubekeur, Cyril Crassin, Bruno Levy, Maxime Maria, Fabrice Neyret<\/p>\n<div style=\"margin-top: 1em;\"><\/div>\n<p><strong>1er prix<\/strong><br \/>\nSimon Lucas, pour <a href=\"https:\/\/www.shadertoy.com\/view\/3scBD7\">l&#8217;Oeuf de Faberg\u00e9<\/a><\/p>\n<div style=\"display: flex;\">\n<div><a href=\"https:\/\/www.shadertoy.com\/view\/3scBD7\"><video style=\"border-radius: 15px;\" src=\"https:\/\/github.com\/ssloy\/jfig2020\/raw\/master\/13-oeuf-de-faberge\/oeuf-de-faberge.mp4\" autoplay=\"autoplay\" loop=\"loop\" muted=\"\" width=\"300\" height=\"150\"><br \/>\nVideo not supported by your system.<br \/>\n<\/video><\/a><\/div>\n<div><img decoding=\"async\" style=\"width: 180px; margin-left: 2em;\" src=\"https:\/\/www.asso-afig.fr\/site\/wp-content\/uploads\/2020_prix_shader.jpg\" \/><\/div>\n<\/div>\n<p><strong>2\u00e8me prix<\/strong><br \/>\nAlban Fichet, pour &#8220;<a href=\"https:\/\/www.shadertoy.com\/view\/ttfBz4\">Connecting to AFIG<\/a>&#8221;<\/p>\n<p><a href=\"https:\/\/www.shadertoy.com\/view\/ttfBz4\"><video style=\"border-radius: 15px;\" src=\"https:\/\/github.com\/ssloy\/jfig2020\/raw\/master\/09-connecting-to-afig\/connecting-to-afig.mp4\" autoplay=\"autoplay\" loop=\"loop\" muted=\"\" width=\"300\" height=\"150\"><br \/>\nVideo not supported by your system.<br \/>\n<\/video><\/a><\/p>\n<p><strong>3\u00e8me prix<\/strong><br \/>\nTh\u00e9o Jonchier, pour &#8220;<a href=\"https:\/\/www.shadertoy.com\/view\/tsdBRM\">Weathering<\/a>&#8221;<\/p>\n<p><a href=\"https:\/\/www.shadertoy.com\/view\/tsdBRM\"><video style=\"border-radius: 15px;\" src=\"https:\/\/github.com\/ssloy\/jfig2020\/raw\/master\/16-weathering\/weathering.mp4\" autoplay=\"autoplay\" loop=\"loop\" muted=\"\" width=\"300\" height=\"150\"><br \/>\nVideo not supported by your system.<br \/>\n<\/video><\/a><\/p>\n<p><strong>Prix du public<\/strong><br \/>\nDavid Vanderharghe, pour &#8220;<a href=\"https:\/\/www.shadertoy.com\/view\/wdlBRf\">AFIG old style<\/a>&#8221;<\/p>\n<p><a href=\"https:\/\/www.shadertoy.com\/view\/wdlBRf\"><video style=\"border-radius: 15px;\" src=\"https:\/\/github.com\/ssloy\/jfig2020\/raw\/master\/14-afig-dlyr-old-style-demo\/afig_dlyr_old_style_demo.mp4\" autoplay=\"autoplay\" loop=\"loop\" muted=\"\" width=\"300\" height=\"150\"><br \/>\nVideo not supported by your system.<br \/>\n<\/video><\/a><\/p>\n","protected":false},"excerpt":{"rendered":"<p>Concours Shader Toy Prochaine \u00e9dition du concours: La prochaine \u00e9dition du concours sera ouverte jusqu&#8217;en Octobre 2026: les modalit\u00e9s de soumission et la date exacte seront annonc\u00e9es ult\u00e9rieurement.\u00a0Les cr\u00e9ations seront &#8230;<\/p>\n","protected":false},"author":2,"featured_media":0,"parent":1183,"menu_order":0,"comment_status":"closed","ping_status":"closed","template":"","meta":{"footnotes":""},"class_list":["post-1669","page","type-page","status-publish","hentry"],"_links":{"self":[{"href":"https:\/\/www.asso-afig.fr\/site\/wp-json\/wp\/v2\/pages\/1669"}],"collection":[{"href":"https:\/\/www.asso-afig.fr\/site\/wp-json\/wp\/v2\/pages"}],"about":[{"href":"https:\/\/www.asso-afig.fr\/site\/wp-json\/wp\/v2\/types\/page"}],"author":[{"embeddable":true,"href":"https:\/\/www.asso-afig.fr\/site\/wp-json\/wp\/v2\/users\/2"}],"replies":[{"embeddable":true,"href":"https:\/\/www.asso-afig.fr\/site\/wp-json\/wp\/v2\/comments?post=1669"}],"version-history":[{"count":10,"href":"https:\/\/www.asso-afig.fr\/site\/wp-json\/wp\/v2\/pages\/1669\/revisions"}],"predecessor-version":[{"id":1754,"href":"https:\/\/www.asso-afig.fr\/site\/wp-json\/wp\/v2\/pages\/1669\/revisions\/1754"}],"up":[{"embeddable":true,"href":"https:\/\/www.asso-afig.fr\/site\/wp-json\/wp\/v2\/pages\/1183"}],"wp:attachment":[{"href":"https:\/\/www.asso-afig.fr\/site\/wp-json\/wp\/v2\/media?parent=1669"}],"curies":[{"name":"wp","href":"https:\/\/api.w.org\/{rel}","templated":true}]}}