{"id":15,"date":"2017-06-01T18:57:28","date_gmt":"2017-06-01T18:57:28","guid":{"rendered":"http:\/\/www.asso-afig.fr\/site\/?page_id=15"},"modified":"2025-10-15T11:08:14","modified_gmt":"2025-10-15T09:08:14","slug":"adhesion","status":"publish","type":"page","link":"https:\/\/www.asso-afig.fr\/site\/adhesion\/","title":{"rendered":"Adh\u00e9sion\/dons"},"content":{"rendered":"<h1>Adh\u00e9sion \u00e0 l&#8217;AFIG<\/h1>\n<h3>Formulaire d&#8217;adh\u00e9sion <strong>2025\/2026<\/strong><\/h3>\n<p>Vous pouvez adh\u00e9rer \u00e0 l&#8217;AFIG pour l&#8217;ann\u00e9e en cours par deux moyens :<\/p>\n<ul>\n<li><strong>directement en ligne : <a href=\"https:\/\/www.helloasso.com\/associations\/association-francaise-d-informatique-graphique\/adhesions\/adhesion-2025-2026\">suivre ce lien Hello Asso<\/a><\/strong>,<\/li>\n<li>hors ligne : remplir ce <a href=\"https:\/\/www.asso-afig.fr\/site\/wp-content\/uploads\/Bulletin-Adhesion-2025_2026.docx\">formulaire<\/a> puis le retourner par mail ou courrier \u00e0 l&#8217;adresse indiqu\u00e9e.<\/li>\n<\/ul>\n<h3>Pourquoi adh\u00e9rer<\/h3>\n<p>L&#8217;AFIG tient \u00e0 rester accessible le plus largement possible \u00e0 l&#8217;ensemble de la communaut\u00e9 de mani\u00e8re gratuite. Votre adh\u00e9sion, en tant que seule source de financement de l&#8217;association permet de pr\u00e9server sa survie et ses actions. Votre adh\u00e9sion vous permet \u00e9galement d&#8217;acc\u00e9der au droit de vote lors du renouvellement annuel du CA (ou de vous y pr\u00e9senter), et vous apporte une r\u00e9duction lors de l&#8217;inscription aux journ\u00e9es annuelles des j.FIG.<\/p>\n<h3>Tarif des adh\u00e9sions<\/h3>\n<p>L&#8217;inscription donne le statut de membre du <strong>1er Septembre au 31 Ao\u00fbt<\/strong> pour chaque ann\u00e9e (ind\u00e9pendamment du moment de votre inscription).<\/p>\n<p><strong>Inscription en tant que membre AFIG \u00e0 titre individuel (personne physique, coll\u00e8ge 1) :<\/strong><\/p>\n<ul>\n<li><strong>Tarif plein : 20\u20ac<\/strong> <em>(ouvert \u00e0 toute personne souhaitant adh\u00e9rer \u00e0 titre personnelle, que l&#8217;on soit acad\u00e9mique, personnel d&#8217;une entreprise ou sans affiliation)<\/em><\/li>\n<li><strong>Tarif r\u00e9duit : 15\u20ac<\/strong> <em>(tarif limit\u00e9 aux membres Eurographics ou aux membres d&#8217;une institution ou entreprise adh\u00e9rente \u00e0 l&#8217;AFIG)<\/em><\/li>\n<li><strong>Tarif \u00e9tudiant : Gratuit<\/strong>\u00a0<em>(limit\u00e9 aux \u00e9tudiants pour l&#8217;ann\u00e9e en cours)<\/em><\/li>\n<\/ul>\n<p><em>Cette inscription donne droit \u00e0 une r\u00e9duction lors de l&#8217;inscription \u00e0 la conf\u00e9rence annuelle des j.FIG (journ\u00e9es Fran\u00e7aises d&#8217;Informatique Graphique).<\/em><\/p>\n<p><strong>Inscription pour repr\u00e9senter un institut ou une entreprise en tant que personne morale membre de l&#8217;AFIG .<\/strong><\/p>\n<ul>\n<li>Institution d&#8217;enseignement et de recherche (coll\u00e8ge 2) : 100\u20ac<\/li>\n<li>Entreprise (coll\u00e8ge 3) : 300\u20ac<\/li>\n<\/ul>\n<p><em>Cette inscription permet l&#8217;affichage de votre institut\/entreprise en tant que membre actif de l&#8217;AFIG et de la communaut\u00e9 de l&#8217;Informatique Graphique Francaise, et donne le droit de vote sur l&#8217;\u00e9lection \u00a0au CA dans leur coll\u00e8ge propre (membre institutionnels \/ entreprises). Une seule inscription en tant que personne morale est suffisante ind\u00e9pendamment de votre nombre de membres.<\/em><\/p>\n<p><!--\n<strong>Informations compl\u00e9mentaires<\/strong>\n\n\n<ul>\n \t\n\n<li>L'inscription donne le statut de membre du <strong>1er Septembre au 31 Ao\u00fbt<\/strong> pour chaque ann\u00e9e (ind\u00e9pendamment du mois pr\u00e9cis de votre inscription).<\/li>\n\n\n \t\n\n<li>L'inscription \u00e0 titre individuel donne droit \u00e0 une r\u00e9duction lors de l'inscription \u00e0 la conf\u00e9rence annuelle des j.FIG (journ\u00e9es Fran\u00e7aises d'Informatique Graphique).<\/li>\n\n\n \t\n\n<li>Une inscription au titre de personne morale permet l'affichage de votre institut\/entreprise en tant que membre actif de l'AFIG et de la communaut\u00e9 de l'Informatique Graphique Francaise. Elle donne le droit de vote sur cette \u00e9lection dans leur coll\u00e8ge propre (membre institutionnels \/ entreprises). Une seule inscription en tant que personne morale est suffisante pour faire apparaitre votre institut\/entreprise, cette inscription est ind\u00e9pendante de votre nombre de membres.<\/li>\n\n\n<\/ul>\n\n\n--><br \/>\n<em>Contact: tresorier@asso-afig.fr pour toute demande de pr\u00e9cision concernant votre r\u00e8glement.<\/em><\/p>\n<h1>Dons \u00e0 l&#8217;AFIG<\/h1>\n<p><!--\n<strong>Rem.<\/strong> Pour les tarifs r\u00e9duits, merci d'indiquer dans l'entr\u00e9e \"informations compl\u00e9mentaires\" pour le cas vous correspondant:\n- Si vous \u00eates membre EG: votre num\u00e9ro de membre.\n- Si vous d\u00e9pendez d'une institution ou entreprise membre de l'AFIG: Le nom de l'institution.\n- Si vous \u00eates \u00e9tudiant: Le nom de votre universit\u00e9 ou \u00e9cole. De plus, merci d'envoyer par mail une copie de votre carte d'\u00e9tudiant pour l'ann\u00e9e en cours \u00e0 tresorier@asso-afig.fr.\n\n<br class=\"\"\/>\n\n\n<div style=\"display:inline-block;\">\n\n\n<h4>Inscription direct en ligne:<\/h4>\n\n\n\n\n<form action=\"https:\/\/www.paypal.com\/cgi-bin\/webscr\" method=\"post\" target=\"_top\" accept-charset=\"UTF-8\">\n<input type=\"hidden\" name=\"cmd\" value=\"_s-xclick\"> <input type=\"hidden\" name=\"charset\" value=\"utf-8\"> <input type=\"hidden\" name=\"hosted_button_id\" value=\"KH6ABGJVNVQVA\">\n\n\n<table>\n\n\n<tr>\n\n\n<td><input  type=\"hidden\" name=\"on0\" value=\"S\u00e9lectionner le type d'adh\u00e9sion\">S\u00e9lectionner le type d'adh\u00e9sion<\/td>\n\n\n<\/tr>\n\n\n\n\n<tr>\n\n\n<td><select class=\"paypal_field\" name=\"os0\"> \n<option class=\"paypal_field\" value=\"Personne physique : Plein tarif\">Personne physique : Plein tarif \u20ac20,00 EUR<\/option>\n<option class=\"paypal_field\" value=\"Personne physique : Tarif r\u00e9duit\">Personne physique : Tarif r\u00e9duit \u20ac15,00 EUR<\/option>\n<option class=\"paypal_field\" value=\"Personne physique : Etudiant\">Personne physique : Etudiant \u20ac10,00 EUR<\/option>\n<option class=\"paypal_field\" value=\"Institution d'enseignement et de recherche\">Institution d'enseignement et de recherche \u20ac100,00 EUR<\/option>\n<option class=\"paypal_field\" value=\"Entreprise\">Entreprise \u20ac300,00 EUR<\/option>\n <\/select><\/td>\n\n\n<\/tr>\n\n\n\n\n<tr>\n\n\n<td><input type=\"hidden\" name=\"on1\" value=\"Nom adh\u00e9rent (raison sociale)\">Nom adh\u00e9rent (ou raison sociale pour les institutions ou entreprises)<\/td>\n\n\n<\/tr>\n\n\n\n\n<tr>\n\n\n<td><input  class=\"paypal_field\" type=\"text\" size=\"50\" name=\"os1\" maxlength=\"200\"><\/td>\n\n\n<\/tr>\n\n\n\n\n<tr>\n\n\n<td><input type=\"hidden\" name=\"on2\" value=\"Email\">Email de l'adh\u00e9rent<\/td>\n\n\n<\/tr>\n\n\n\n\n<tr>\n\n\n<td><input class=\"paypal_field\" type=\"text\" name=\"os2\" maxlength=\"100\"><\/td>\n\n\n<\/tr>\n\n\n\n\n<tr>\n\n\n<td><input type=\"hidden\" name=\"on3\" value=\"Informations Compl\u00e9mentaires\">Informations compl\u00e9mentaires pour les tarifs r\u00e9duits<\/td>\n\n\n<\/tr>\n\n\n\n\n<tr>\n\n\n<td><input class=\"paypal_field\" type=\"text\" name=\"os3\" maxlength=\"100\"><\/td>\n\n\n<\/tr>\n\n\n<\/table>\n\n\n<input type=\"hidden\" name=\"currency_code\" value=\"EUR\"> <input style=\"border-radius:10px;width:10em;\" type=\"submit\" name=\"submit\" alt=\"PayPal\" value=\"Payer\">\n\n<\/form>\n\n\n\n--><\/p>\n<p>Vous pouvez aussi aider l&#8217;association en nous faisant directement un don (d\u00e9fiscalisable \u00e0 hauteur de 66%) :<\/p>\n<p><iframe id=\"haWidget\" style=\"width: 100%; height: 70px; border: none;\" src=\"https:\/\/www.helloasso.com\/associations\/association-francaise-d-informatique-graphique\/formulaires\/1\/widget-bouton\"><\/iframe><\/p>\n","protected":false},"excerpt":{"rendered":"<p>Adh\u00e9sion \u00e0 l&#8217;AFIG Formulaire d&#8217;adh\u00e9sion 2025\/2026 Vous pouvez adh\u00e9rer \u00e0 l&#8217;AFIG pour l&#8217;ann\u00e9e en cours par deux moyens : directement en ligne : suivre ce lien Hello Asso, hors ligne &#8230;<\/p>\n","protected":false},"author":1,"featured_media":0,"parent":0,"menu_order":0,"comment_status":"closed","ping_status":"closed","template":"","meta":{"footnotes":""},"class_list":["post-15","page","type-page","status-publish","hentry"],"_links":{"self":[{"href":"https:\/\/www.asso-afig.fr\/site\/wp-json\/wp\/v2\/pages\/15"}],"collection":[{"href":"https:\/\/www.asso-afig.fr\/site\/wp-json\/wp\/v2\/pages"}],"about":[{"href":"https:\/\/www.asso-afig.fr\/site\/wp-json\/wp\/v2\/types\/page"}],"author":[{"embeddable":true,"href":"https:\/\/www.asso-afig.fr\/site\/wp-json\/wp\/v2\/users\/1"}],"replies":[{"embeddable":true,"href":"https:\/\/www.asso-afig.fr\/site\/wp-json\/wp\/v2\/comments?post=15"}],"version-history":[{"count":151,"href":"https:\/\/www.asso-afig.fr\/site\/wp-json\/wp\/v2\/pages\/15\/revisions"}],"predecessor-version":[{"id":1720,"href":"https:\/\/www.asso-afig.fr\/site\/wp-json\/wp\/v2\/pages\/15\/revisions\/1720"}],"wp:attachment":[{"href":"https:\/\/www.asso-afig.fr\/site\/wp-json\/wp\/v2\/media?parent=15"}],"curies":[{"name":"wp","href":"https:\/\/api.w.org\/{rel}","templated":true}]}}