{"id":145,"date":"2017-10-16T12:14:46","date_gmt":"2017-10-16T12:14:46","guid":{"rendered":"http:\/\/www.asso-afig.fr\/site\/?page_id=145"},"modified":"2026-03-19T11:30:46","modified_gmt":"2026-03-19T09:30:46","slug":"journees-passees","status":"publish","type":"page","link":"https:\/\/www.asso-afig.fr\/site\/les-journees-jfig\/journees-passees\/","title":{"rendered":"Journ\u00e9es pass\u00e9es"},"content":{"rendered":"<h1>Journ\u00e9es pass\u00e9es<\/h1>\n<ul>\n<li><a href=\"https:\/\/jfig2025.univ-littoral.fr\">2025<\/a> j.FIG Calais &#8211; 38\u00e8mes journ\u00e9es de l&#8217;AFIG, EGFR<\/li>\n<li><a href=\"https:\/\/jfig2024.icube.unistra.fr\/\">2024<\/a> j.FIG Strasbourg &#8211; 37\u00e8mes journ\u00e9es de l&#8217;AFIG, EGFR<\/li>\n<li><a href=\"https:\/\/jfig2023.lirmm.fr\/\">2023<\/a> j.FIG Montpellier &#8211; 36\u00e8mes journ\u00e9es de l&#8217;AFIG, EGFR<\/li>\n<li><a href=\"https:\/\/project.inria.fr\/jfig2022\/\">2022<\/a> j.FIG Bordeaux &#8211; 35\u00e8mes journ\u00e9es de l&#8217;AFIG, EGFR<\/li>\n<li><a href=\"https:\/\/project.inria.fr\/jfig2021\/\">2021<\/a> j.FIG Sophia Antipolis- 34\u00e8mes journ\u00e9es de l&#8217;AFIG, EGFR<\/li>\n<li><a href=\"https:\/\/jfig2020.sciencesconf.org\/\">2020<\/a> j.FIG Nancy &#8211; 33\u00e8mes journ\u00e9es de l&#8217;AFIG, EGFR<\/li>\n<li><a href=\"https:\/\/jfigrv2019.sciencesconf.org\/\">2019<\/a> j.FIG Marseille &#8211; 32\u00e8mes journ\u00e9es de l&#8217;AFIG, GdR IG-RV, EGFR<\/li>\n<li>2018 j.FIG Poitiers &#8211; 31\u00e8mes journ\u00e9es de l&#8217;AFIG, GdR IG-RV, EGFR<\/li>\n<li><a href=\"https:\/\/igrv2017.sciencesconf.org\/\">2017<\/a> j.FIG Rennes &#8211; 30\u00e8mes journ\u00e9es de l&#8217;AFIG, GdR IG-RV, EGFR<\/li>\n<li>2016 j.FIG Grenoble &#8211; 29\u00e8mes journ\u00e9es de l&#8217;AFIG, GdR IG-RV, EGFR<\/li>\n<li><a href=\"http:\/\/liris.cnrs.fr\/afig2015\/\">2015 Lyon<\/a> &#8211; 28\u00e8mes journ\u00e9es AFIG\/EG France\/GDR IG-RV<\/li>\n<li>2014 Reims &#8211; Reims Images &#8211; 27\u00e8mes journ\u00e9es AFIG\/EG France\/GDR IG-RV, avec AFRV, CORESA<\/li>\n<li>2013 Limoges &#8211; 26\u00e8mes journ\u00e9es AFIG\/EG France\/GdR IG<\/li>\n<li>2012 Calais &#8211; 25\u00e8mes journ\u00e9es AFIG\/EG France\/GdR IG<\/li>\n<li>2011 Bidart &#8211; 24\u00e8mes journ\u00e9es AFIG\/AFRV\/EG France\/GdR IG<\/li>\n<li>2010 Dijon &#8211; 23\u00e8mes journ\u00e9es AFIG\/EG France\/GdR IG<\/li>\n<li>2009 Arles &#8211; 22\u00e8mes journ\u00e9es AFIG\/EG France\/GdR IG<\/li>\n<li>2008 Toulouse &#8211; 21\u00e8mes journ\u00e9es AFIG\/EG France\/GdR IG<\/li>\n<li>2007 Marne La Vall\u00e9e &#8211; 20\u00e8mes journ\u00e9es AFIG\/EG France\/GdR IG<\/li>\n<li>2006 Bordeaux &#8211; 19\u00e8mes journ\u00e9es AFIG\/EG France\/GdR IG<\/li>\n<\/ul>\n<p>La communaut\u00e9 \u00ab Informatique Graphique \u00bb s\u2019est structur\u00e9e \u00e0 partir de la fin des ann\u00e9es 1980 avec les premi\u00e8res journ\u00e9es organis\u00e9es par AFCET-GROPLAN (1988 : Toulouse \u2013 1989 : Strasbourg \u2013 1990 : St Etienne \u2013 1991 : Lille \u2013 1992 : Nantes). C\u2019est au cours de ces journ\u00e9es GROPLAN qui signifiaient \u00ab groupe sur la programmation et les langages \u00bb qu&#8217;avait \u00e9t\u00e9 d\u00e9marr\u00e9e la r\u00e9flexion sur la cr\u00e9ation d&#8217;une association de l&#8217;informatique graphique.<\/p>\n<p>L\u2019Association Fran\u00e7aise d\u2019Informatique Graphique a \u00e9t\u00e9 cr\u00e9\u00e9e en 1993. Dix ann\u00e9es de Journ\u00e9es de l\u2019AFIG ont suivies :<\/p>\n<ul>\n<li>1993 : Bordeaux \u2013 1\u00e8re Journ\u00e9es AFIG-GROSPLAN<\/li>\n<li>1994 : Toulouse \u2013 2\u00e8mes Journ\u00e9es AFIG<\/li>\n<li>1995 : Marseille \u2013 3\u00e8mes Journ\u00e9es AFIG<\/li>\n<li>1996 : Dijon \u2013 4\u00e8mes Journ\u00e9es AFIG<\/li>\n<li>1997 : Rennes \u2013 5\u00e8mes Journ\u00e9es AFIG<\/li>\n<li>1998 : Dunkerque \u2013 6\u00e8mes Journ\u00e9es AFIG<\/li>\n<\/ul>\n<p>A partir de Reims, la num\u00e9rotation des journ\u00e9es AFIG a pris en compte les cinq ann\u00e9es de journ\u00e9es GROSPLAN organis\u00e9es des ann\u00e9es 1988 \u00e0 1992 :<\/p>\n<ul>\n<li>1999 : Reims \u2013 12\u00e8mes Journ\u00e9es AFIG<\/li>\n<li>2000 : Grenoble \u2013 13\u00e8mes Journ\u00e9es AFIG<\/li>\n<li>2001 : Limoges \u2013 14\u00e8mes Journ\u00e9es AFIG<\/li>\n<li>2002 : Lyon \u2013 15\u00e8mes Journ\u00e9es AFIG<\/li>\n<\/ul>\n<p>En 2003, la communaut\u00e9 d\u2019Informatique Graphique a cr\u00e9\u00e9 le <a href=\"http:\/\/liris.cnrs.fr\/~egfr\/\">Chapitre Fran\u00e7ais d\u2019Eurographics<\/a> :<\/p>\n<ul>\n<li>2003 : Paris 8 \u2013 16\u00e8mes Journ\u00e9es AFIG et du Chapitre Fran\u00e7ais d\u2019EUROGRAPHICS<\/li>\n<li>2004 : Poitiers \u2013 17\u00e8mes Journ\u00e9es AFIG et du Chapitre Fran\u00e7ais d\u2019EUROGRAPHICS<\/li>\n<li>2005 : Strasbourg \u2013 18\u00e8mes Journ\u00e9es AFIG et du Chapitre Fran\u00e7ais d\u2019EUROGRAPHICS<\/li>\n<\/ul>\n","protected":false},"excerpt":{"rendered":"<p>Journ\u00e9es pass\u00e9es 2025 j.FIG Calais &#8211; 38\u00e8mes journ\u00e9es de l&#8217;AFIG, EGFR 2024 j.FIG Strasbourg &#8211; 37\u00e8mes journ\u00e9es de l&#8217;AFIG, EGFR 2023 j.FIG Montpellier &#8211; 36\u00e8mes journ\u00e9es de l&#8217;AFIG, EGFR 2022 &#8230;<\/p>\n","protected":false},"author":1,"featured_media":0,"parent":20,"menu_order":0,"comment_status":"closed","ping_status":"closed","template":"","meta":{"footnotes":""},"class_list":["post-145","page","type-page","status-publish","hentry"],"_links":{"self":[{"href":"https:\/\/www.asso-afig.fr\/site\/wp-json\/wp\/v2\/pages\/145"}],"collection":[{"href":"https:\/\/www.asso-afig.fr\/site\/wp-json\/wp\/v2\/pages"}],"about":[{"href":"https:\/\/www.asso-afig.fr\/site\/wp-json\/wp\/v2\/types\/page"}],"author":[{"embeddable":true,"href":"https:\/\/www.asso-afig.fr\/site\/wp-json\/wp\/v2\/users\/1"}],"replies":[{"embeddable":true,"href":"https:\/\/www.asso-afig.fr\/site\/wp-json\/wp\/v2\/comments?post=145"}],"version-history":[{"count":20,"href":"https:\/\/www.asso-afig.fr\/site\/wp-json\/wp\/v2\/pages\/145\/revisions"}],"predecessor-version":[{"id":1793,"href":"https:\/\/www.asso-afig.fr\/site\/wp-json\/wp\/v2\/pages\/145\/revisions\/1793"}],"up":[{"embeddable":true,"href":"https:\/\/www.asso-afig.fr\/site\/wp-json\/wp\/v2\/pages\/20"}],"wp:attachment":[{"href":"https:\/\/www.asso-afig.fr\/site\/wp-json\/wp\/v2\/media?parent=145"}],"curies":[{"name":"wp","href":"https:\/\/api.w.org\/{rel}","templated":true}]}}