{"id":1246,"date":"2022-11-04T18:09:48","date_gmt":"2022-11-04T18:09:48","guid":{"rendered":"https:\/\/www.asso-afig.fr\/site\/?page_id=1246"},"modified":"2023-11-01T12:32:21","modified_gmt":"2023-11-01T12:32:21","slug":"entreprises","status":"publish","type":"page","link":"https:\/\/www.asso-afig.fr\/site\/entreprises\/","title":{"rendered":"Entreprises2"},"content":{"rendered":"<p><a href=\"https:\/\/github.com\/Afig-Asso\/entreprises\">Lien vers la page open-source github<\/a><\/p>\n<p><iframe loading=\"lazy\" id=\"myIframe\" style=\"border: 0px;\" width=\"100%\" height=\"800px\" src=\"https:\/\/afig-asso.github.io\/entreprises\/\"><\/iframe><\/p>\n<p>Vous souhaitez ajouter un nom? Envoyez vos infos \u00e0 <strong>contact@asso-afig.fr<\/strong> (ou suivez la d\u00e9marche expliqu\u00e9s sur le github). <br \/>\n<a href=\"https:\/\/www.asso-afig.fr\/site\/les-annuaires\/entreprises\/\">Lien vers l&#8217;ancien listing (n&#8217;est plus mis \u00e0 jour)<\/a><\/p>\n<p><script type=\"text\/javascript\" src=\"https:\/\/www.asso-afig.fr\/site\/iframeResizer\/iframeResizer.min.js\">\r\n<\/script><br \/>\n<script>\r\n  iFrameResize({ log: true }, '#myIframe')\r\n<\/script><\/p>\n","protected":false},"excerpt":{"rendered":"<p>Lien vers la page open-source github Vous souhaitez ajouter un nom? Envoyez vos infos \u00e0 contact@asso-afig.fr (ou suivez la d\u00e9marche expliqu\u00e9s sur le github). Lien vers l&#8217;ancien listing (n&#8217;est plus &#8230;<\/p>\n","protected":false},"author":1,"featured_media":0,"parent":0,"menu_order":0,"comment_status":"closed","ping_status":"closed","template":"","meta":{"footnotes":""},"class_list":["post-1246","page","type-page","status-publish","hentry"],"_links":{"self":[{"href":"https:\/\/www.asso-afig.fr\/site\/wp-json\/wp\/v2\/pages\/1246"}],"collection":[{"href":"https:\/\/www.asso-afig.fr\/site\/wp-json\/wp\/v2\/pages"}],"about":[{"href":"https:\/\/www.asso-afig.fr\/site\/wp-json\/wp\/v2\/types\/page"}],"author":[{"embeddable":true,"href":"https:\/\/www.asso-afig.fr\/site\/wp-json\/wp\/v2\/users\/1"}],"replies":[{"embeddable":true,"href":"https:\/\/www.asso-afig.fr\/site\/wp-json\/wp\/v2\/comments?post=1246"}],"version-history":[{"count":21,"href":"https:\/\/www.asso-afig.fr\/site\/wp-json\/wp\/v2\/pages\/1246\/revisions"}],"predecessor-version":[{"id":1351,"href":"https:\/\/www.asso-afig.fr\/site\/wp-json\/wp\/v2\/pages\/1246\/revisions\/1351"}],"wp:attachment":[{"href":"https:\/\/www.asso-afig.fr\/site\/wp-json\/wp\/v2\/media?parent=1246"}],"curies":[{"name":"wp","href":"https:\/\/api.w.org\/{rel}","templated":true}]}}