{"id":113,"date":"2017-08-20T15:05:31","date_gmt":"2017-08-20T15:05:31","guid":{"rendered":"http:\/\/www.asso-afig.fr\/site\/?page_id=113"},"modified":"2023-11-28T20:34:42","modified_gmt":"2023-11-28T20:34:42","slug":"contact","status":"publish","type":"page","link":"https:\/\/www.asso-afig.fr\/site\/contact\/","title":{"rendered":"Contact"},"content":{"rendered":"<h2>Contact AFIG<\/h2>\n<p>Nous sommes disponibles pour tout type de demande (ex. questionnement sur l&#8217;association, ajout\/modifications d&#8217;\u00e9l\u00e9ments sur le site, etc) \u00e0 l&#8217;adresse: <strong><a href=\"mailto:contact@asso-afig.fr\">contact@asso-afig.fr<\/a><\/strong><\/p>\n<p>Pour proposer une offre d&#8217;emploi\/stage\/th\u00e8se, un <a href=\"http:\/\/www.asso-afig.fr\/site\/ajout-offre\/\">formulaire<\/a> est \u00e0 votre disposition.<\/p>\n<p>Pour diffuser des annonces \u00e0 la communaut\u00e9, vous pouvez utiliser la <a href=\"http:\/\/www.asso-afig.fr\/site\/lassociation\/la-liste-de-diffusion\/\">liste de diffusion<\/a>.<\/p>\n<p>Les membres du CA de l&#8217;AFIG sont list\u00e9s sur la <a href=\"https:\/\/www.asso-afig.fr\/site\/actualite\/role\/\">page d&#8217;organisation<\/a>. Les membres du CA peuvent \u00eatre contact\u00e9s \u00e0 l&#8217;adresse email: <strong><a href=\"mailto:ca@asso-afig.fr\">ca@asso-afig.fr<\/a><\/strong>.<\/p>\n<div style=\"height:2em;\"><\/div>\n<hr>\n<div style=\"font-size:85%;\">\nL\u2019AFIG est une association (loi 1901).<\/p>\n<p>Le si\u00e8ge social de l\u2019association est fix\u00e9 \u00e0<br \/>\nAFIG \u2013 Association Fran\u00e7aise d\u2019Informatique Graphique<br \/>\nLIRIS \u2013 UMR 5205<br \/>\nUniversit\u00e9 Claude Bernard Lyon 1<br \/>\nB\u00e2timent Nautibus<br \/>\n43, bd du 11 novembre 1918<br \/>\n69622 Vileurbanne Cedex\n<\/p><\/div>\n","protected":false},"excerpt":{"rendered":"<p>Contact AFIG Nous sommes disponibles pour tout type de demande (ex. questionnement sur l&#8217;association, ajout\/modifications d&#8217;\u00e9l\u00e9ments sur le site, etc) \u00e0 l&#8217;adresse: contact@asso-afig.fr Pour proposer une offre d&#8217;emploi\/stage\/th\u00e8se, un formulaire &#8230;<\/p>\n","protected":false},"author":1,"featured_media":0,"parent":0,"menu_order":0,"comment_status":"closed","ping_status":"closed","template":"","meta":{"footnotes":""},"class_list":["post-113","page","type-page","status-publish","hentry"],"_links":{"self":[{"href":"https:\/\/www.asso-afig.fr\/site\/wp-json\/wp\/v2\/pages\/113"}],"collection":[{"href":"https:\/\/www.asso-afig.fr\/site\/wp-json\/wp\/v2\/pages"}],"about":[{"href":"https:\/\/www.asso-afig.fr\/site\/wp-json\/wp\/v2\/types\/page"}],"author":[{"embeddable":true,"href":"https:\/\/www.asso-afig.fr\/site\/wp-json\/wp\/v2\/users\/1"}],"replies":[{"embeddable":true,"href":"https:\/\/www.asso-afig.fr\/site\/wp-json\/wp\/v2\/comments?post=113"}],"version-history":[{"count":26,"href":"https:\/\/www.asso-afig.fr\/site\/wp-json\/wp\/v2\/pages\/113\/revisions"}],"predecessor-version":[{"id":1452,"href":"https:\/\/www.asso-afig.fr\/site\/wp-json\/wp\/v2\/pages\/113\/revisions\/1452"}],"wp:attachment":[{"href":"https:\/\/www.asso-afig.fr\/site\/wp-json\/wp\/v2\/media?parent=113"}],"curies":[{"name":"wp","href":"https:\/\/api.w.org\/{rel}","templated":true}]}}